{"id":7679,"date":"2024-06-26T18:50:57","date_gmt":"2024-06-26T18:50:57","guid":{"rendered":"https:\/\/status200.com.mx\/demo\/web_grupoiscisa\/?page_id=7679"},"modified":"2024-06-26T19:46:42","modified_gmt":"2024-06-26T19:46:42","slug":"extintores-y-equipos-contra-incendio","status":"publish","type":"page","link":"https:\/\/status200.com.mx\/demo\/web_grupoiscisa\/extintores-y-equipos-contra-incendio\/","title":{"rendered":"Extintores y equipos contra incendio"},"content":{"rendered":"\t\t<div data-elementor-type=\"wp-page\" data-elementor-id=\"7679\" class=\"elementor elementor-7679\">\n\t\t\t\t\t\t<section class=\"elementor-section elementor-top-section elementor-element elementor-element-a80ca4f elementor-section-stretched elementor-section-boxed elementor-section-height-default elementor-section-height-default\" data-id=\"a80ca4f\" data-element_type=\"section\" data-settings=\"{&quot;stretch_section&quot;:&quot;section-stretched&quot;}\">\n\t\t\t\t\t\t<div class=\"elementor-container elementor-column-gap-default\">\n\t\t\t\t\t<div class=\"elementor-column elementor-col-50 elementor-top-column elementor-element elementor-element-f155774\" data-id=\"f155774\" data-element_type=\"column\">\n\t\t\t<div class=\"elementor-widget-wrap elementor-element-populated\">\n\t\t\t\t\t\t<section class=\"elementor-section elementor-inner-section elementor-element elementor-element-09b98f6 elementor-section-boxed elementor-section-height-default elementor-section-height-default\" data-id=\"09b98f6\" data-element_type=\"section\">\n\t\t\t\t\t\t<div class=\"elementor-container elementor-column-gap-default\">\n\t\t\t\t\t<div class=\"elementor-column elementor-col-100 elementor-inner-column elementor-element elementor-element-ce32c3b\" data-id=\"ce32c3b\" data-element_type=\"column\">\n\t\t\t<div class=\"elementor-widget-wrap elementor-element-populated\">\n\t\t\t\t\t\t<div class=\"elementor-element elementor-element-8fa661c elementor-widget elementor-widget-heading\" data-id=\"8fa661c\" data-element_type=\"widget\" data-widget_type=\"heading.default\">\n\t\t\t\t<div class=\"elementor-widget-container\">\n\t\t\t\t\t<h2 class=\"elementor-heading-title elementor-size-default\">All SERVICES<\/h2>\t\t\t\t<\/div>\n\t\t\t\t<\/div>\n\t\t\t\t<div class=\"elementor-element elementor-element-e02d8fb hfe-link-redirect-self_link hfe-nav-menu__breakpoint-none service-menu-list hfe-nav-menu__align-left hfe-submenu-icon-arrow elementor-widget elementor-widget-navigation-menu\" data-id=\"e02d8fb\" data-element_type=\"widget\" data-settings=\"{&quot;menu_space_between&quot;:{&quot;unit&quot;:&quot;px&quot;,&quot;size&quot;:15,&quot;sizes&quot;:[]},&quot;toggle_size&quot;:{&quot;unit&quot;:&quot;px&quot;,&quot;size&quot;:15,&quot;sizes&quot;:[]},&quot;toggle_border_width&quot;:{&quot;unit&quot;:&quot;px&quot;,&quot;size&quot;:0,&quot;sizes&quot;:[]},&quot;toggle_border_radius&quot;:{&quot;unit&quot;:&quot;px&quot;,&quot;size&quot;:0,&quot;sizes&quot;:[]},&quot;padding_vertical_menu_item&quot;:{&quot;unit&quot;:&quot;px&quot;,&quot;size&quot;:21,&quot;sizes&quot;:[]},&quot;padding_horizontal_menu_item&quot;:{&quot;unit&quot;:&quot;px&quot;,&quot;size&quot;:20,&quot;sizes&quot;:[]},&quot;padding_horizontal_menu_item_tablet&quot;:{&quot;unit&quot;:&quot;px&quot;,&quot;size&quot;:&quot;&quot;,&quot;sizes&quot;:[]},&quot;padding_horizontal_menu_item_mobile&quot;:{&quot;unit&quot;:&quot;px&quot;,&quot;size&quot;:&quot;&quot;,&quot;sizes&quot;:[]},&quot;padding_vertical_menu_item_tablet&quot;:{&quot;unit&quot;:&quot;px&quot;,&quot;size&quot;:&quot;&quot;,&quot;sizes&quot;:[]},&quot;padding_vertical_menu_item_mobile&quot;:{&quot;unit&quot;:&quot;px&quot;,&quot;size&quot;:&quot;&quot;,&quot;sizes&quot;:[]},&quot;menu_space_between_tablet&quot;:{&quot;unit&quot;:&quot;px&quot;,&quot;size&quot;:&quot;&quot;,&quot;sizes&quot;:[]},&quot;menu_space_between_mobile&quot;:{&quot;unit&quot;:&quot;px&quot;,&quot;size&quot;:&quot;&quot;,&quot;sizes&quot;:[]},&quot;dropdown_border_radius&quot;:{&quot;unit&quot;:&quot;px&quot;,&quot;top&quot;:&quot;&quot;,&quot;right&quot;:&quot;&quot;,&quot;bottom&quot;:&quot;&quot;,&quot;left&quot;:&quot;&quot;,&quot;isLinked&quot;:true},&quot;dropdown_border_radius_tablet&quot;:{&quot;unit&quot;:&quot;px&quot;,&quot;top&quot;:&quot;&quot;,&quot;right&quot;:&quot;&quot;,&quot;bottom&quot;:&quot;&quot;,&quot;left&quot;:&quot;&quot;,&quot;isLinked&quot;:true},&quot;dropdown_border_radius_mobile&quot;:{&quot;unit&quot;:&quot;px&quot;,&quot;top&quot;:&quot;&quot;,&quot;right&quot;:&quot;&quot;,&quot;bottom&quot;:&quot;&quot;,&quot;left&quot;:&quot;&quot;,&quot;isLinked&quot;:true},&quot;padding_horizontal_dropdown_item&quot;:{&quot;unit&quot;:&quot;px&quot;,&quot;size&quot;:&quot;&quot;,&quot;sizes&quot;:[]},&quot;padding_horizontal_dropdown_item_tablet&quot;:{&quot;unit&quot;:&quot;px&quot;,&quot;size&quot;:&quot;&quot;,&quot;sizes&quot;:[]},&quot;padding_horizontal_dropdown_item_mobile&quot;:{&quot;unit&quot;:&quot;px&quot;,&quot;size&quot;:&quot;&quot;,&quot;sizes&quot;:[]},&quot;padding_vertical_dropdown_item&quot;:{&quot;unit&quot;:&quot;px&quot;,&quot;size&quot;:15,&quot;sizes&quot;:[]},&quot;padding_vertical_dropdown_item_tablet&quot;:{&quot;unit&quot;:&quot;px&quot;,&quot;size&quot;:&quot;&quot;,&quot;sizes&quot;:[]},&quot;padding_vertical_dropdown_item_mobile&quot;:{&quot;unit&quot;:&quot;px&quot;,&quot;size&quot;:&quot;&quot;,&quot;sizes&quot;:[]},&quot;distance_from_menu&quot;:{&quot;unit&quot;:&quot;px&quot;,&quot;size&quot;:&quot;&quot;,&quot;sizes&quot;:[]},&quot;distance_from_menu_tablet&quot;:{&quot;unit&quot;:&quot;px&quot;,&quot;size&quot;:&quot;&quot;,&quot;sizes&quot;:[]},&quot;distance_from_menu_mobile&quot;:{&quot;unit&quot;:&quot;px&quot;,&quot;size&quot;:&quot;&quot;,&quot;sizes&quot;:[]},&quot;toggle_size_tablet&quot;:{&quot;unit&quot;:&quot;px&quot;,&quot;size&quot;:&quot;&quot;,&quot;sizes&quot;:[]},&quot;toggle_size_mobile&quot;:{&quot;unit&quot;:&quot;px&quot;,&quot;size&quot;:&quot;&quot;,&quot;sizes&quot;:[]},&quot;toggle_border_width_tablet&quot;:{&quot;unit&quot;:&quot;px&quot;,&quot;size&quot;:&quot;&quot;,&quot;sizes&quot;:[]},&quot;toggle_border_width_mobile&quot;:{&quot;unit&quot;:&quot;px&quot;,&quot;size&quot;:&quot;&quot;,&quot;sizes&quot;:[]},&quot;toggle_border_radius_tablet&quot;:{&quot;unit&quot;:&quot;px&quot;,&quot;size&quot;:&quot;&quot;,&quot;sizes&quot;:[]},&quot;toggle_border_radius_mobile&quot;:{&quot;unit&quot;:&quot;px&quot;,&quot;size&quot;:&quot;&quot;,&quot;sizes&quot;:[]}}\" data-widget_type=\"navigation-menu.default\">\n\t\t\t\t<div class=\"elementor-widget-container\">\n\t\t\t\t\t\t\t\t<div class=\"hfe-nav-menu hfe-layout-vertical hfe-nav-menu-layout vertical\" data-layout=\"vertical\">\n\t\t\t\t<div role=\"button\" class=\"hfe-nav-menu__toggle elementor-clickable\">\n\t\t\t\t\t<span class=\"screen-reader-text\">Men\u00fa<\/span>\n\t\t\t\t\t<div class=\"hfe-nav-menu-icon\">\n\t\t\t\t\t\t\t\t\t\t\t<\/div>\n\t\t\t\t<\/div>\n\t\t\t\t<nav itemscope=\"itemscope\" itemtype=\"https:\/\/schema.org\/SiteNavigationElement\" class=\"hfe-nav-menu__layout-vertical hfe-nav-menu__submenu-arrow\" data-toggle-icon=\"\" data-close-icon=\"\" data-full-width=\"\">\n\t\t\t\t\t<ul id=\"menu-1-e02d8fb\" class=\"hfe-nav-menu\"><li id=\"menu-item-5622\" itemprop=\"name\" class=\"menu-item menu-item-type-post_type menu-item-object-page parent hfe-creative-menu\"><a href=\"https:\/\/status200.com.mx\/demo\/web_grupoiscisa\/consultoria\/\" itemprop=\"url\" class = \"hfe-menu-item\">Consultor\u00eda<\/a><\/li>\n<li id=\"menu-item-7713\" itemprop=\"name\" class=\"menu-item menu-item-type-post_type menu-item-object-page parent hfe-creative-menu\"><a href=\"https:\/\/status200.com.mx\/demo\/web_grupoiscisa\/capacitacion\/\" itemprop=\"url\" class = \"hfe-menu-item\">Capacitaci\u00f3n<\/a><\/li>\n<li id=\"menu-item-7925\" itemprop=\"name\" class=\"menu-item menu-item-type-post_type menu-item-object-page parent hfe-creative-menu\"><a href=\"https:\/\/status200.com.mx\/demo\/web_grupoiscisa\/certificaciones\/\" itemprop=\"url\" class = \"hfe-menu-item\">Certificaciones<\/a><\/li>\n<li id=\"menu-item-7714\" itemprop=\"name\" class=\"menu-item menu-item-type-post_type menu-item-object-page parent hfe-creative-menu\"><a href=\"https:\/\/status200.com.mx\/demo\/web_grupoiscisa\/extintores-y-equipos-contra-incendio\/\" itemprop=\"url\" class = \"hfe-menu-item\">Equipo de seguridad<\/a><\/li>\n<li id=\"menu-item-7715\" itemprop=\"name\" class=\"menu-item menu-item-type-post_type menu-item-object-page parent hfe-creative-menu\"><a href=\"https:\/\/status200.com.mx\/demo\/web_grupoiscisa\/supervisores-de-seguridad\/\" itemprop=\"url\" class = \"hfe-menu-item\">Supervisores de Seguridad<\/a><\/li>\n<\/ul> \n\t\t\t\t<\/nav>\n\t\t\t<\/div>\n\t\t\t\t\t\t\t<\/div>\n\t\t\t\t<\/div>\n\t\t<div class=\"elementor-element elementor-element-e516e83 e-flex e-con-boxed e-con e-parent\" data-id=\"e516e83\" data-element_type=\"container\" data-settings=\"{&quot;background_background&quot;:&quot;classic&quot;}\">\n\t\t\t\t\t<div class=\"e-con-inner\">\n\t\t<div class=\"elementor-element elementor-element-08dde9e e-flex e-con-boxed e-con e-child\" data-id=\"08dde9e\" data-element_type=\"container\">\n\t\t\t\t\t<div class=\"e-con-inner\">\n\t\t\t\t<div class=\"elementor-element elementor-element-227eb89 elementor-widget elementor-widget-text-editor\" data-id=\"227eb89\" data-element_type=\"widget\" data-widget_type=\"text-editor.default\">\n\t\t\t\t<div class=\"elementor-widget-container\">\n\t\t\t\t\t\t\t\t\t<br><br><br><br>\n<h3>No dudes en contact\u00e1rnos ante cualquier pregunta que tengas;<\/h3>\n\n<span>Consultor\u00eda y <br>capacitaci\u00f3n:<span>\n<p>\n<strong>818 225 1946<\/strong><br>\n<strong>812 237 0466<\/strong><\/p>\t\t\t\t\t\t\t\t<\/div>\n\t\t\t\t<\/div>\n\t\t\t\t\t<\/div>\n\t\t\t\t<\/div>\n\t\t\t\t\t<\/div>\n\t\t\t\t<\/div>\n\t\t\t\t\t<\/div>\n\t\t<\/div>\n\t\t\t\t\t<\/div>\n\t\t<\/section>\n\t\t\t\t\t<\/div>\n\t\t<\/div>\n\t\t\t\t<div class=\"elementor-column elementor-col-50 elementor-top-column elementor-element elementor-element-e8326a3\" data-id=\"e8326a3\" data-element_type=\"column\">\n\t\t\t<div class=\"elementor-widget-wrap elementor-element-populated\">\n\t\t\t\t\t\t<div class=\"elementor-element elementor-element-d0dc2b4 elementor-widget__width-initial elementor-widget elementor-widget-image\" data-id=\"d0dc2b4\" data-element_type=\"widget\" data-widget_type=\"image.default\">\n\t\t\t\t<div class=\"elementor-widget-container\">\n\t\t\t\t\t\t\t\t\t\t\t\t\t\t\t<img decoding=\"async\" src=\"https:\/\/bizmax.laralink.com\/wp-content\/uploads\/2023\/07\/service-details-img-1.jpeg\" title=\"\" alt=\"\" loading=\"lazy\" \/>\t\t\t\t\t\t\t\t\t\t\t\t\t\t\t<\/div>\n\t\t\t\t<\/div>\n\t\t\t\t<section class=\"elementor-section elementor-inner-section elementor-element elementor-element-2f4aaf7 elementor-section-boxed elementor-section-height-default elementor-section-height-default\" data-id=\"2f4aaf7\" data-element_type=\"section\">\n\t\t\t\t\t\t<div class=\"elementor-container elementor-column-gap-default\">\n\t\t\t\t\t<div class=\"elementor-column elementor-col-100 elementor-inner-column elementor-element elementor-element-7555598\" data-id=\"7555598\" data-element_type=\"column\">\n\t\t\t<div class=\"elementor-widget-wrap elementor-element-populated\">\n\t\t\t\t\t\t<div class=\"elementor-element elementor-element-d3a2cc2 elementor-widget elementor-widget-heading\" data-id=\"d3a2cc2\" data-element_type=\"widget\" data-widget_type=\"heading.default\">\n\t\t\t\t<div class=\"elementor-widget-container\">\n\t\t\t\t\t<span class=\"elementor-heading-title elementor-size-default\">Equipos contra incendios de la mejor calidad<\/span>\t\t\t\t<\/div>\n\t\t\t\t<\/div>\n\t\t\t\t<div class=\"elementor-element elementor-element-836d48c elementor-widget elementor-widget-heading\" data-id=\"836d48c\" data-element_type=\"widget\" data-widget_type=\"heading.default\">\n\t\t\t\t<div class=\"elementor-widget-container\">\n\t\t\t\t\t<h4 class=\"elementor-heading-title elementor-size-default\">Venta de extintores <\/h4>\t\t\t\t<\/div>\n\t\t\t\t<\/div>\n\t\t\t\t\t<\/div>\n\t\t<\/div>\n\t\t\t\t\t<\/div>\n\t\t<\/section>\n\t\t\t\t<section class=\"elementor-section elementor-inner-section elementor-element elementor-element-324e085 elementor-section-boxed elementor-section-height-default elementor-section-height-default\" data-id=\"324e085\" data-element_type=\"section\">\n\t\t\t\t\t\t<div class=\"elementor-container elementor-column-gap-default\">\n\t\t\t\t\t<div class=\"elementor-column elementor-col-50 elementor-inner-column elementor-element elementor-element-3af588f\" data-id=\"3af588f\" data-element_type=\"column\">\n\t\t\t<div class=\"elementor-widget-wrap elementor-element-populated\">\n\t\t\t\t\t\t<div class=\"elementor-element elementor-element-40ed04d elementor-widget elementor-widget-text-editor\" data-id=\"40ed04d\" data-element_type=\"widget\" data-widget_type=\"text-editor.default\">\n\t\t\t\t<div class=\"elementor-widget-container\">\n\t\t\t\t\t\t\t\t\t<table class=\"tg\"><tbody><tr><td class=\"tg-0pky\" style=\"width: 150px;\"><strong>Extintor CO2<\/strong><img decoding=\"async\" class=\"size-full wp-image-7500 aligncenter\" src=\"https:\/\/status200.com.mx\/demo\/web_grupoiscisa\/wp-content\/uploads\/2024\/06\/extintores-cont-1.png\" alt=\"\" width=\"121\" height=\"202\" \/><\/td><td class=\"tg-0pky\"><ul><li>&#8211; Capacidad de 2.5 kg<\/li><li>&#8211; V\u00e1lvula de lat\u00f3n chapado cromo de alta resistencia<\/li><li>&#8211; Mango, palanca y banda de acero inoxidable<\/li><li>&#8211; Sif\u00f3n interno de aluminio<\/li><li>&#8211; Agente: Bi\u00f3xido de carbono Para fuegos tipo: B y C<\/li><\/ul><\/td><\/tr><tr><td class=\"tg-0pky\"><strong>Extintor CO2<img decoding=\"async\" class=\"size-full wp-image-7501 aligncenter\" src=\"https:\/\/status200.com.mx\/demo\/web_grupoiscisa\/wp-content\/uploads\/2024\/06\/extintores-cont-2.png\" alt=\"\" width=\"157\" height=\"212\" \/><\/strong><\/td><td class=\"tg-0pky\"><ul><li>&#8211; Capacidad de 4.5 kg<\/li><li>&#8211; V\u00e1lvula de lat\u00f3n chapado cromo de alta resistencia<\/li><li>&#8211; Mango, palanca y banda de acero inoxidable<\/li><li>&#8211; Sif\u00f3n interno de aluminio<\/li><li>&#8211; Agente: Bi\u00f3xido de carbono Para fuegos tipo: B y C<\/li><\/ul><\/td><\/tr><tr><td class=\"tg-0pky\"><strong>Extintor CO2<img decoding=\"async\" class=\"size-full wp-image-7502 aligncenter\" src=\"https:\/\/status200.com.mx\/demo\/web_grupoiscisa\/wp-content\/uploads\/2024\/06\/extintores-cont-3.png\" alt=\"\" width=\"125\" height=\"250\" \/><\/strong><\/td><td class=\"tg-0pky\"><ul><li>Capacidad de 6.0 kg<\/li><li>V\u00e1lvula de lat\u00f3n chapado cromo de alta resistencia<\/li><li>Mango, palanca y banda de acero inoxidable Sif\u00f3n interno de aluminio<\/li><li>Agente: Bi\u00f3xido de carbono Para fuegos tipo: B y C<\/li><\/ul><\/td><\/tr><\/tbody><\/table>\t\t\t\t\t\t\t\t<\/div>\n\t\t\t\t<\/div>\n\t\t\t\t\t<\/div>\n\t\t<\/div>\n\t\t\t\t<div class=\"elementor-column elementor-col-50 elementor-inner-column elementor-element elementor-element-4ce7853\" data-id=\"4ce7853\" data-element_type=\"column\">\n\t\t\t<div class=\"elementor-widget-wrap elementor-element-populated\">\n\t\t\t\t\t\t<div class=\"elementor-element elementor-element-8889d62 elementor-widget elementor-widget-text-editor\" data-id=\"8889d62\" data-element_type=\"widget\" data-widget_type=\"text-editor.default\">\n\t\t\t\t<div class=\"elementor-widget-container\">\n\t\t\t\t\t\t\t\t\t<table class=\"tg\"><tbody><tr><td class=\"tg-0pky\" style=\"width: 150px;\"><strong>Extintor PQS<img loading=\"lazy\" decoding=\"async\" class=\"size-full wp-image-7503 aligncenter\" src=\"https:\/\/status200.com.mx\/demo\/web_grupoiscisa\/wp-content\/uploads\/2024\/06\/extintores-cont-4.png\" alt=\"\" width=\"83\" height=\"197\" \/><\/strong><\/td><td class=\"tg-0pky\"><ul><li>Capacidad de 2.5 kg<\/li><li>Cilindro de acero<\/li><li>V\u00e1lvula y mango de aluminio<\/li><li>Agente fosfato monoam\u00f3nico<\/li><li>Para fuegos tipo: A, B y C<\/li><\/ul><\/td><\/tr><tr><td class=\"tg-0pky\"><strong>NOM-011-STPS<img loading=\"lazy\" decoding=\"async\" class=\"size-full wp-image-7504 aligncenter\" src=\"https:\/\/status200.com.mx\/demo\/web_grupoiscisa\/wp-content\/uploads\/2024\/06\/extintores-cont-5.png\" alt=\"\" width=\"129\" height=\"243\" \/><\/strong><\/td><td class=\"tg-0pky\"><ul><li>Capacidad de 4.5 kg<\/li><li>Cilindro de acero<\/li><li>V\u00e1lvula y mango de aluminio<\/li><li>Agente fosfato monoam\u00f3nico<\/li><li>Para fuegos tipo: A, B y C<\/li><\/ul><\/td><\/tr><tr><td class=\"tg-0pky\"><strong>NOM-010-STPS<img loading=\"lazy\" decoding=\"async\" class=\"size-full wp-image-7505 aligncenter\" src=\"https:\/\/status200.com.mx\/demo\/web_grupoiscisa\/wp-content\/uploads\/2024\/06\/extintores-cont-6.png\" alt=\"\" width=\"95\" height=\"250\" \/><\/strong><\/td><td class=\"tg-0pky\"><ul><li>Capacidad DE 9.0 lt V\u00e1lvula de lat\u00f3n chapado cromo de alta resistencia<\/li><li>C\u00f3modas asas y palancas de operaci\u00f3n de acero inoxidable<\/li><li>Cilindro y base acero inoxidable<\/li><li>Agente: Agua Para fuegos tipo: A<\/li><\/ul><\/td><\/tr><\/tbody><\/table>\t\t\t\t\t\t\t\t<\/div>\n\t\t\t\t<\/div>\n\t\t\t\t\t<\/div>\n\t\t<\/div>\n\t\t\t\t\t<\/div>\n\t\t<\/section>\n\t\t<div class=\"elementor-element elementor-element-1f85d3e e-flex e-con-boxed e-con e-parent\" data-id=\"1f85d3e\" data-element_type=\"container\">\n\t\t\t\t\t<div class=\"e-con-inner\">\n\t\t\t\t<div class=\"elementor-element elementor-element-998516b elementor-widget elementor-widget-text-editor\" data-id=\"998516b\" data-element_type=\"widget\" data-widget_type=\"text-editor.default\">\n\t\t\t\t<div class=\"elementor-widget-container\">\n\t\t\t\t\t\t\t\t\t<h3><span style=\"color: #ffffff;\">RECARGA DE EXTINTORES<\/span><\/h3><p>Servicio de inspecci\u00f3n peri\u00f3dica a equipos de emergencia de su empresa, generando programas de verificaci\u00f3n y bit\u00e1coras de control las cuales son indispensables para el cumplimiento de la NOM 002 STPS y garantizando as\u00ed el correcto mantenimiento a extintores, mangueras, bombas contra incendio, l\u00e1mparas, equipos de respiraci\u00f3n auto contenido y m\u00e1s.<br \/><br \/><br \/><strong><span style=\"color: #ffffff;\">Taller certificado NOM 154 SCFI 2005. <\/span><\/strong><\/p><ul><li>&#8211; Extintores de PQS, CO2, AFFF, H2O, todas las capacidades.<\/li><li>&#8211; T\u00e9cnicos especializados en verificaci\u00f3n y recarga de equipo contra incendio.<\/li><li>&#8211; Servicio de inspecci\u00f3n peri\u00f3dica a extintores, mangueras, l\u00e1mparas, SCBA, y todo tu equipo de emergencia, cumpliendo con la NOM-002-STPS-2010.<\/li><\/ul>\t\t\t\t\t\t\t\t<\/div>\n\t\t\t\t<\/div>\n\t\t\t\t\t<\/div>\n\t\t\t\t<\/div>\n\t\t\t\t<section class=\"elementor-section elementor-inner-section elementor-element elementor-element-658af76 elementor-section-content-middle elementor-section-boxed elementor-section-height-default elementor-section-height-default\" data-id=\"658af76\" data-element_type=\"section\">\n\t\t\t\t\t\t<div class=\"elementor-container elementor-column-gap-default\">\n\t\t\t\t\t<div class=\"elementor-column elementor-col-50 elementor-inner-column elementor-element elementor-element-726fe0b\" data-id=\"726fe0b\" data-element_type=\"column\">\n\t\t\t<div class=\"elementor-widget-wrap elementor-element-populated\">\n\t\t\t\t\t\t<div class=\"elementor-element elementor-element-0228a6b elementor-widget elementor-widget-text-editor\" data-id=\"0228a6b\" data-element_type=\"widget\" data-widget_type=\"text-editor.default\">\n\t\t\t\t<div class=\"elementor-widget-container\">\n\t\t\t\t\t\t\t\t\t<h3>Se\u00f1ales y Equipos<\/h3><p><span style=\"color: #123b73;\">Productos disponibles<\/span><\/p><p>Contamos con una gran variedad de productos e insumos de seguridad industrial y para la atenci\u00f3n de emergencias, ofreciendo diversas opciones de acuerdo a sus necesidades y presupuestos. Pregunte por nuestros servicios de instalaci\u00f3n.<\/p>\t\t\t\t\t\t\t\t<\/div>\n\t\t\t\t<\/div>\n\t\t\t\t\t<\/div>\n\t\t<\/div>\n\t\t\t\t<div class=\"elementor-column elementor-col-50 elementor-inner-column elementor-element elementor-element-b3de587\" data-id=\"b3de587\" data-element_type=\"column\">\n\t\t\t<div class=\"elementor-widget-wrap elementor-element-populated\">\n\t\t\t\t\t\t<div class=\"elementor-element elementor-element-54d7671 elementor-widget elementor-widget-bizmax-faq\" data-id=\"54d7671\" data-element_type=\"widget\" data-widget_type=\"bizmax-faq.default\">\n\t\t\t\t<div class=\"elementor-widget-container\">\n\t\t\t\t\t\r\r\n\r\r\n        <div class=\"it-custom-accordio\">\r\r\n\r\r\n\t\t\t<div class=\"cs_accordians style-1\" id=\"parent45830\"> <div class=\"cs_accordian\">\r\r\n\r\r\n\t\t\t\t\t\t<div class=\"cs_accordian_head bg-gray\">\r\r\n\r\r\n\t\t\t\t\t\t\t<h2 class=\"cs_accordian_title cs_transition_3 cs_fs_16 fw-medium m-0 cs_pl_25 cs_pt_18 cs_pb_18 w-100 text-start cs_pr_35 collapsed\r\r\n\r\r\n\t\t\t\t\t\t\t\" type=\"button\" data-bs-toggle=\"collapse\" data-bs-target=\"#target1317390\" aria-expanded=\"true\" aria-controls=\"collapseOne\">\r\r\n\r\r\n\t\t\t\t\t\t\t\tSe\u00f1alizaci\u00f3n\r\r\n\r\r\n\t\t\t\t\t\t\t<\/h2>\r\r\n\r\r\n\t\t\t\t\t\t\t<div class=\"cs_accordian_toggle\"><\/div>\r\r\n\r\r\n\t\t\t\t\t\t<\/div>\r\r\n\r\r\n\r\r\n\r\r\n\r\r\n\r\r\n\t\t\t\t\t\t<div id=\"target1317390\" class=\"accordion-collapse collapse no\" aria-labelledby=\"headingOne\" data-bs-parent=\"#parent45830\">\r\r\n\r\r\n\t\t\t\t\t\t\t<div class=\"cs_accordian_body\">\r\r\n\r\r\n\t\t\t\t\t\t\t\t<div class=\"m-0 cs_pl_25 cs_pr_25 cs_pb_20\">\r\r\n\r\r\n\t\t\t\t\t\t\t\t\t\n<ul>\n \t<li>- Protecci\u00f3n civil<\/li>\n \t<li>- Prohibitivas<\/li>\n \t<li>- De obligaci\u00f3n<\/li>\n \t<li>- Precauci\u00f3n<\/li>\n \t<li>- Informativas<\/li>\n<\/ul>\r\r\n\r\r\n\t\t\t\t\t\t\t\t<\/div>\r\r\n\r\r\n\t\t\t\t\t\t\t<\/div>\r\r\n\r\r\n\t\t\t\t\t\t<\/div>\r\r\n\r\r\n\t\t\t\t\t  <\/div>\r\r\n\r\r\n\t\t\t\t\t <div class=\"cs_accordian\">\r\r\n\r\r\n\t\t\t\t\t\t<div class=\"cs_accordian_head bg-gray\">\r\r\n\r\r\n\t\t\t\t\t\t\t<h2 class=\"cs_accordian_title cs_transition_3 cs_fs_16 fw-medium m-0 cs_pl_25 cs_pt_18 cs_pb_18 w-100 text-start cs_pr_35 collapsed\r\r\n\r\r\n\t\t\t\t\t\t\t\" type=\"button\" data-bs-toggle=\"collapse\" data-bs-target=\"#target145985\" aria-expanded=\"true\" aria-controls=\"collapseOne\">\r\r\n\r\r\n\t\t\t\t\t\t\t\tEquipo contra incendios\r\r\n\r\r\n\t\t\t\t\t\t\t<\/h2>\r\r\n\r\r\n\t\t\t\t\t\t\t<div class=\"cs_accordian_toggle\"><\/div>\r\r\n\r\r\n\t\t\t\t\t\t<\/div>\r\r\n\r\r\n\r\r\n\r\r\n\r\r\n\r\r\n\t\t\t\t\t\t<div id=\"target145985\" class=\"accordion-collapse collapse no\" aria-labelledby=\"headingOne\" data-bs-parent=\"#parent45830\">\r\r\n\r\r\n\t\t\t\t\t\t\t<div class=\"cs_accordian_body\">\r\r\n\r\r\n\t\t\t\t\t\t\t\t<div class=\"m-0 cs_pl_25 cs_pr_25 cs_pb_20\">\r\r\n\r\r\n\t\t\t\t\t\t\t\t\t<ul><li>- Equipo de bomberos<\/li><li>- Mangueras contra incendio<\/li><li>- Extintores port\u00e1tiles<\/li><li>- Detectores de humo<\/li><li>- L\u00e1mparas de emergencia<\/li><\/ul>\r\r\n\r\r\n\t\t\t\t\t\t\t\t<\/div>\r\r\n\r\r\n\t\t\t\t\t\t\t<\/div>\r\r\n\r\r\n\t\t\t\t\t\t<\/div>\r\r\n\r\r\n\t\t\t\t\t  <\/div>\r\r\n\r\r\n\t\t\t\t\t <div class=\"cs_accordian\">\r\r\n\r\r\n\t\t\t\t\t\t<div class=\"cs_accordian_head bg-gray\">\r\r\n\r\r\n\t\t\t\t\t\t\t<h2 class=\"cs_accordian_title cs_transition_3 cs_fs_16 fw-medium m-0 cs_pl_25 cs_pt_18 cs_pb_18 w-100 text-start cs_pr_35 collapsed\r\r\n\r\r\n\t\t\t\t\t\t\t\" type=\"button\" data-bs-toggle=\"collapse\" data-bs-target=\"#target1179750\" aria-expanded=\"true\" aria-controls=\"collapseOne\">\r\r\n\r\r\n\t\t\t\t\t\t\t\tEquipo de primeros auxilios\r\r\n\r\r\n\t\t\t\t\t\t\t<\/h2>\r\r\n\r\r\n\t\t\t\t\t\t\t<div class=\"cs_accordian_toggle\"><\/div>\r\r\n\r\r\n\t\t\t\t\t\t<\/div>\r\r\n\r\r\n\r\r\n\r\r\n\r\r\n\r\r\n\t\t\t\t\t\t<div id=\"target1179750\" class=\"accordion-collapse collapse no\" aria-labelledby=\"headingOne\" data-bs-parent=\"#parent45830\">\r\r\n\r\r\n\t\t\t\t\t\t\t<div class=\"cs_accordian_body\">\r\r\n\r\r\n\t\t\t\t\t\t\t\t<div class=\"m-0 cs_pl_25 cs_pr_25 cs_pb_20\">\r\r\n\r\r\n\t\t\t\t\t\t\t\t\t<ul>\n \t<li>Equipo de rescate<\/li>\n \t<li>Botiqu\u00edn<\/li>\n \t<li>Camillas<\/li>\n<\/ul>\r\r\n\r\r\n\t\t\t\t\t\t\t\t<\/div>\r\r\n\r\r\n\t\t\t\t\t\t\t<\/div>\r\r\n\r\r\n\t\t\t\t\t\t<\/div>\r\r\n\r\r\n\t\t\t\t\t  <\/div>\r\r\n\r\r\n\t\t\t\t\t\r\r\n\r\r\n\t\t<\/div><\/div>\t\t\t\t<\/div>\n\t\t\t\t<\/div>\n\t\t\t\t\t<\/div>\n\t\t<\/div>\n\t\t\t\t\t<\/div>\n\t\t<\/section>\n\t\t\t\t\t<\/div>\n\t\t<\/div>\n\t\t\t\t\t<\/div>\n\t\t<\/section>\n\t\t\t\t<\/div>\n\t\t","protected":false},"excerpt":{"rendered":"<p>All SERVICES Men\u00fa Consultor\u00eda Capacitaci\u00f3n Certificaci\u00f3n Equipo de seguridad Supervisores de seguridad No dudes en contact\u00e1rnos ante cualquier pregunta que tengas; Consultor\u00eda y capacitaci\u00f3n: 818 225 1946 812 237 0466 Equipos contra incendios de la mejor calidad Venta de extintores Extintor CO2 &#8211; Capacidad de 2.5 kg &#8211; V\u00e1lvula de lat\u00f3n chapado cromo de alta [&hellip;]<\/p>\n","protected":false},"author":1,"featured_media":0,"parent":0,"menu_order":0,"comment_status":"closed","ping_status":"closed","template":"","meta":{"_monsterinsights_skip_tracking":false,"_monsterinsights_sitenote_active":false,"_monsterinsights_sitenote_note":"","_monsterinsights_sitenote_category":0,"footnotes":""},"class_list":["post-7679","page","type-page","status-publish","hentry"],"aioseo_notices":[],"_links":{"self":[{"href":"https:\/\/status200.com.mx\/demo\/web_grupoiscisa\/wp-json\/wp\/v2\/pages\/7679","targetHints":{"allow":["GET"]}}],"collection":[{"href":"https:\/\/status200.com.mx\/demo\/web_grupoiscisa\/wp-json\/wp\/v2\/pages"}],"about":[{"href":"https:\/\/status200.com.mx\/demo\/web_grupoiscisa\/wp-json\/wp\/v2\/types\/page"}],"author":[{"embeddable":true,"href":"https:\/\/status200.com.mx\/demo\/web_grupoiscisa\/wp-json\/wp\/v2\/users\/1"}],"replies":[{"embeddable":true,"href":"https:\/\/status200.com.mx\/demo\/web_grupoiscisa\/wp-json\/wp\/v2\/comments?post=7679"}],"version-history":[{"count":13,"href":"https:\/\/status200.com.mx\/demo\/web_grupoiscisa\/wp-json\/wp\/v2\/pages\/7679\/revisions"}],"predecessor-version":[{"id":7693,"href":"https:\/\/status200.com.mx\/demo\/web_grupoiscisa\/wp-json\/wp\/v2\/pages\/7679\/revisions\/7693"}],"wp:attachment":[{"href":"https:\/\/status200.com.mx\/demo\/web_grupoiscisa\/wp-json\/wp\/v2\/media?parent=7679"}],"curies":[{"name":"wp","href":"https:\/\/api.w.org\/{rel}","templated":true}]}}