{"id":32,"date":"2023-03-12T08:42:42","date_gmt":"2023-03-12T08:42:42","guid":{"rendered":"https:\/\/ordainit.com\/wp-theme\/sorex\/?page_id=32"},"modified":"2024-08-29T23:28:47","modified_gmt":"2024-08-29T23:28:47","slug":"cursos-brigada-de-emergencia","status":"publish","type":"page","link":"https:\/\/status200.com.mx\/demo\/web_grupoiscisa\/capacitacion\/cursos-brigada-de-emergencia\/","title":{"rendered":"Cursos Brigada de emergencia"},"content":{"rendered":"\t\t<div data-elementor-type=\"wp-page\" data-elementor-id=\"32\" class=\"elementor elementor-32\">\n\t\t\t\t<div class=\"elementor-element elementor-element-f564cb3 e-flex e-con-boxed e-con e-parent\" data-id=\"f564cb3\" data-element_type=\"container\">\n\t\t\t\t\t<div class=\"e-con-inner\">\n\t\t<div class=\"elementor-element elementor-element-e8e44d2 e-con-full e-flex e-con e-child\" data-id=\"e8e44d2\" data-element_type=\"container\">\n\t\t\t\t<div class=\"elementor-element elementor-element-6781eff elementor-position-top elementor-widget elementor-widget-image-box\" data-id=\"6781eff\" data-element_type=\"widget\" data-widget_type=\"image-box.default\">\n\t\t\t\t<div class=\"elementor-widget-container\">\n\t\t\t\t\t<div class=\"elementor-image-box-wrapper\"><figure class=\"elementor-image-box-img\"><img fetchpriority=\"high\" decoding=\"async\" width=\"522\" height=\"261\" src=\"https:\/\/status200.com.mx\/demo\/web_grupoiscisa\/wp-content\/uploads\/2024\/07\/img1.jpg\" class=\"attachment-full size-full wp-image-7829\" alt=\"\" srcset=\"https:\/\/status200.com.mx\/demo\/web_grupoiscisa\/wp-content\/uploads\/2024\/07\/img1.jpg 522w, https:\/\/status200.com.mx\/demo\/web_grupoiscisa\/wp-content\/uploads\/2024\/07\/img1-300x150.jpg 300w\" sizes=\"(max-width: 522px) 100vw, 522px\" \/><\/figure><div class=\"elementor-image-box-content\"><h3 class=\"elementor-image-box-title\">Brigada de b\u00fasqueda y rescate.<\/h3><p class=\"elementor-image-box-description\">Los participantes aplicar\u00e1n los procedimientos de b\u00fasqueda y rescate durante una evacuaci\u00f3n de inmueble.<\/p><\/div><\/div>\t\t\t\t<\/div>\n\t\t\t\t<\/div>\n\t\t\t\t<\/div>\n\t\t<div class=\"elementor-element elementor-element-8468513 e-con-full e-flex e-con e-child\" data-id=\"8468513\" data-element_type=\"container\">\n\t\t\t\t<div class=\"elementor-element elementor-element-5d9a5c9 elementor-position-top elementor-widget elementor-widget-image-box\" data-id=\"5d9a5c9\" data-element_type=\"widget\" data-widget_type=\"image-box.default\">\n\t\t\t\t<div class=\"elementor-widget-container\">\n\t\t\t\t\t<div class=\"elementor-image-box-wrapper\"><figure class=\"elementor-image-box-img\"><img decoding=\"async\" width=\"522\" height=\"261\" src=\"https:\/\/status200.com.mx\/demo\/web_grupoiscisa\/wp-content\/uploads\/2024\/07\/img2.jpg\" class=\"attachment-full size-full wp-image-7830\" alt=\"\" srcset=\"https:\/\/status200.com.mx\/demo\/web_grupoiscisa\/wp-content\/uploads\/2024\/07\/img2.jpg 522w, https:\/\/status200.com.mx\/demo\/web_grupoiscisa\/wp-content\/uploads\/2024\/07\/img2-300x150.jpg 300w\" sizes=\"(max-width: 522px) 100vw, 522px\" \/><\/figure><div class=\"elementor-image-box-content\"><h3 class=\"elementor-image-box-title\">Brigada de  comunicaci\u00f3n.<\/h3><p class=\"elementor-image-box-description\">Los participantes desarrollaran el procedimiento de comunicaci\u00f3n aplicable a su empresa, con base a los lineamientos del plan programa interno de protecci\u00f3n civil.<\/p><\/div><\/div>\t\t\t\t<\/div>\n\t\t\t\t<\/div>\n\t\t\t\t<\/div>\n\t\t<div class=\"elementor-element elementor-element-d3e4877 e-con-full e-flex e-con e-child\" data-id=\"d3e4877\" data-element_type=\"container\">\n\t\t\t\t<div class=\"elementor-element elementor-element-c32ae0f elementor-position-top elementor-widget elementor-widget-image-box\" data-id=\"c32ae0f\" data-element_type=\"widget\" data-widget_type=\"image-box.default\">\n\t\t\t\t<div class=\"elementor-widget-container\">\n\t\t\t\t\t<div class=\"elementor-image-box-wrapper\"><figure class=\"elementor-image-box-img\"><img decoding=\"async\" width=\"522\" height=\"261\" src=\"https:\/\/status200.com.mx\/demo\/web_grupoiscisa\/wp-content\/uploads\/2024\/07\/img3.jpg\" class=\"attachment-full size-full wp-image-7831\" alt=\"\" srcset=\"https:\/\/status200.com.mx\/demo\/web_grupoiscisa\/wp-content\/uploads\/2024\/07\/img3.jpg 522w, https:\/\/status200.com.mx\/demo\/web_grupoiscisa\/wp-content\/uploads\/2024\/07\/img3-300x150.jpg 300w\" sizes=\"(max-width: 522px) 100vw, 522px\" \/><\/figure><div class=\"elementor-image-box-content\"><h3 class=\"elementor-image-box-title\">Brigada multifuncional.<\/h3><p class=\"elementor-image-box-description\">Los participantes ser\u00e1n capaces de aplicar las medidas de prevenci\u00f3n y t\u00e9cnicas de respuesta a emergencias relativas a control de incendios, evacuaci\u00f3n de inmueble, b\u00fasqueda y rescate y primeros auxilios.<\/p><\/div><\/div>\t\t\t\t<\/div>\n\t\t\t\t<\/div>\n\t\t\t\t<\/div>\n\t\t<div class=\"elementor-element elementor-element-653df66 e-con-full e-flex e-con e-child\" data-id=\"653df66\" data-element_type=\"container\">\n\t\t\t\t<div class=\"elementor-element elementor-element-1f03273 elementor-position-top elementor-widget elementor-widget-image-box\" data-id=\"1f03273\" data-element_type=\"widget\" data-widget_type=\"image-box.default\">\n\t\t\t\t<div class=\"elementor-widget-container\">\n\t\t\t\t\t<div class=\"elementor-image-box-wrapper\"><figure class=\"elementor-image-box-img\"><img loading=\"lazy\" decoding=\"async\" width=\"522\" height=\"261\" src=\"https:\/\/status200.com.mx\/demo\/web_grupoiscisa\/wp-content\/uploads\/2024\/07\/img4.jpg\" class=\"attachment-full size-full wp-image-7832\" alt=\"\" srcset=\"https:\/\/status200.com.mx\/demo\/web_grupoiscisa\/wp-content\/uploads\/2024\/07\/img4.jpg 522w, https:\/\/status200.com.mx\/demo\/web_grupoiscisa\/wp-content\/uploads\/2024\/07\/img4-300x150.jpg 300w\" sizes=\"(max-width: 522px) 100vw, 522px\" \/><\/figure><div class=\"elementor-image-box-content\"><h3 class=\"elementor-image-box-title\">Comando de incidentes  con materiales  peligrosos.<\/h3><p class=\"elementor-image-box-description\">Mediante la informaci\u00f3n recibida, los participantes har\u00e1n una planeaci\u00f3n efectiva ante una situaci\u00f3n de emergencia con materiales peligrosos y ser\u00e1n capaces de operar un comando de incidentes.<\/p><\/div><\/div>\t\t\t\t<\/div>\n\t\t\t\t<\/div>\n\t\t\t\t<\/div>\n\t\t<div class=\"elementor-element elementor-element-469ae9e e-con-full e-flex e-con e-child\" data-id=\"469ae9e\" data-element_type=\"container\">\n\t\t\t\t<div class=\"elementor-element elementor-element-c7ddf66 elementor-position-top elementor-widget elementor-widget-image-box\" data-id=\"c7ddf66\" data-element_type=\"widget\" data-widget_type=\"image-box.default\">\n\t\t\t\t<div class=\"elementor-widget-container\">\n\t\t\t\t\t<div class=\"elementor-image-box-wrapper\"><figure class=\"elementor-image-box-img\"><img loading=\"lazy\" decoding=\"async\" width=\"522\" height=\"261\" src=\"https:\/\/status200.com.mx\/demo\/web_grupoiscisa\/wp-content\/uploads\/2024\/07\/img5.jpg\" class=\"attachment-full size-full wp-image-7833\" alt=\"\" srcset=\"https:\/\/status200.com.mx\/demo\/web_grupoiscisa\/wp-content\/uploads\/2024\/07\/img5.jpg 522w, https:\/\/status200.com.mx\/demo\/web_grupoiscisa\/wp-content\/uploads\/2024\/07\/img5-300x150.jpg 300w\" sizes=\"(max-width: 522px) 100vw, 522px\" \/><\/figure><div class=\"elementor-image-box-content\"><h3 class=\"elementor-image-box-title\">Comando de  incidentes.<\/h3><p class=\"elementor-image-box-description\">Al terminar el entrenamiento los participantes ser\u00e1n capaces de integrar un comando de incidentes para atender de manera efectiva diferentes escenarios de emergencia que se pudieran presentar en su empresa.<\/p><\/div><\/div>\t\t\t\t<\/div>\n\t\t\t\t<\/div>\n\t\t\t\t<\/div>\n\t\t<div class=\"elementor-element elementor-element-4cc98ad e-con-full e-flex e-con e-child\" data-id=\"4cc98ad\" data-element_type=\"container\">\n\t\t\t\t<div class=\"elementor-element elementor-element-8603712 elementor-position-top elementor-widget elementor-widget-image-box\" data-id=\"8603712\" data-element_type=\"widget\" data-widget_type=\"image-box.default\">\n\t\t\t\t<div class=\"elementor-widget-container\">\n\t\t\t\t\t<div class=\"elementor-image-box-wrapper\"><figure class=\"elementor-image-box-img\"><img loading=\"lazy\" decoding=\"async\" width=\"522\" height=\"261\" src=\"https:\/\/status200.com.mx\/demo\/web_grupoiscisa\/wp-content\/uploads\/2024\/07\/img6.jpg\" class=\"attachment-full size-full wp-image-7834\" alt=\"\" srcset=\"https:\/\/status200.com.mx\/demo\/web_grupoiscisa\/wp-content\/uploads\/2024\/07\/img6.jpg 522w, https:\/\/status200.com.mx\/demo\/web_grupoiscisa\/wp-content\/uploads\/2024\/07\/img6-300x150.jpg 300w\" sizes=\"(max-width: 522px) 100vw, 522px\" \/><\/figure><div class=\"elementor-image-box-content\"><h3 class=\"elementor-image-box-title\">Prevenci\u00f3n y combate  contra incendio.<\/h3><p class=\"elementor-image-box-description\">El participante conocer\u00e1 y aplicar\u00e1 las t\u00e9cnicas y procedimientos de una Brigada Contra Incendio.<\/p><\/div><\/div>\t\t\t\t<\/div>\n\t\t\t\t<\/div>\n\t\t\t\t<\/div>\n\t\t\t\t\t<\/div>\n\t\t\t\t<\/div>\n\t\t<div class=\"elementor-element elementor-element-bc0079d e-flex e-con-boxed e-con e-parent\" data-id=\"bc0079d\" data-element_type=\"container\">\n\t\t\t\t\t<div class=\"e-con-inner\">\n\t\t<div class=\"elementor-element elementor-element-c069790 e-con-full e-flex e-con e-child\" data-id=\"c069790\" data-element_type=\"container\">\n\t\t\t\t<div class=\"elementor-element elementor-element-3639fc9 elementor-position-top elementor-widget elementor-widget-image-box\" data-id=\"3639fc9\" data-element_type=\"widget\" data-widget_type=\"image-box.default\">\n\t\t\t\t<div class=\"elementor-widget-container\">\n\t\t\t\t\t<div class=\"elementor-image-box-wrapper\"><figure class=\"elementor-image-box-img\"><img loading=\"lazy\" decoding=\"async\" width=\"522\" height=\"261\" src=\"https:\/\/status200.com.mx\/demo\/web_grupoiscisa\/wp-content\/uploads\/2024\/07\/img7.jpg\" class=\"attachment-full size-full wp-image-7835\" alt=\"\" srcset=\"https:\/\/status200.com.mx\/demo\/web_grupoiscisa\/wp-content\/uploads\/2024\/07\/img7.jpg 522w, https:\/\/status200.com.mx\/demo\/web_grupoiscisa\/wp-content\/uploads\/2024\/07\/img7-300x150.jpg 300w\" sizes=\"(max-width: 522px) 100vw, 522px\" \/><\/figure><div class=\"elementor-image-box-content\"><h3 class=\"elementor-image-box-title\">Respuesta a  emergencia con  materiales peligrosos.<\/h3><p class=\"elementor-image-box-description\">El participante ser\u00e1 capaz de identificar los riesgos y aplicar los procedimientos espec\u00edficos en emergencias con materiales peligrosos.<\/p><\/div><\/div>\t\t\t\t<\/div>\n\t\t\t\t<\/div>\n\t\t\t\t<\/div>\n\t\t<div class=\"elementor-element elementor-element-581224b e-con-full e-flex e-con e-child\" data-id=\"581224b\" data-element_type=\"container\">\n\t\t\t\t<div class=\"elementor-element elementor-element-520ad84 elementor-position-top elementor-widget elementor-widget-image-box\" data-id=\"520ad84\" data-element_type=\"widget\" data-widget_type=\"image-box.default\">\n\t\t\t\t<div class=\"elementor-widget-container\">\n\t\t\t\t\t<div class=\"elementor-image-box-wrapper\"><figure class=\"elementor-image-box-img\"><img loading=\"lazy\" decoding=\"async\" width=\"522\" height=\"261\" src=\"https:\/\/status200.com.mx\/demo\/web_grupoiscisa\/wp-content\/uploads\/2024\/07\/img8.jpg\" class=\"attachment-full size-full wp-image-7836\" alt=\"\" srcset=\"https:\/\/status200.com.mx\/demo\/web_grupoiscisa\/wp-content\/uploads\/2024\/07\/img8.jpg 522w, https:\/\/status200.com.mx\/demo\/web_grupoiscisa\/wp-content\/uploads\/2024\/07\/img8-300x150.jpg 300w\" sizes=\"(max-width: 522px) 100vw, 522px\" \/><\/figure><div class=\"elementor-image-box-content\"><h3 class=\"elementor-image-box-title\">Primeros auxilios.<\/h3><p class=\"elementor-image-box-description\">El participante ser\u00e1 capaz de aplicar las t\u00e9cnicas de Primeros Auxilios como primera atencion a personas que hayan sufrido lesiones o enfermedades repentinas.<\/p><\/div><\/div>\t\t\t\t<\/div>\n\t\t\t\t<\/div>\n\t\t\t\t<\/div>\n\t\t<div class=\"elementor-element elementor-element-be55a28 e-con-full e-flex e-con e-child\" data-id=\"be55a28\" data-element_type=\"container\">\n\t\t\t\t<div class=\"elementor-element elementor-element-331e22c elementor-position-top elementor-widget elementor-widget-image-box\" data-id=\"331e22c\" data-element_type=\"widget\" data-widget_type=\"image-box.default\">\n\t\t\t\t<div class=\"elementor-widget-container\">\n\t\t\t\t\t<div class=\"elementor-image-box-wrapper\"><figure class=\"elementor-image-box-img\"><img fetchpriority=\"high\" decoding=\"async\" width=\"522\" height=\"261\" src=\"https:\/\/status200.com.mx\/demo\/web_grupoiscisa\/wp-content\/uploads\/2024\/07\/img1.jpg\" class=\"attachment-full size-full wp-image-7829\" alt=\"\" srcset=\"https:\/\/status200.com.mx\/demo\/web_grupoiscisa\/wp-content\/uploads\/2024\/07\/img1.jpg 522w, https:\/\/status200.com.mx\/demo\/web_grupoiscisa\/wp-content\/uploads\/2024\/07\/img1-300x150.jpg 300w\" sizes=\"(max-width: 522px) 100vw, 522px\" \/><\/figure><div class=\"elementor-image-box-content\"><h3 class=\"elementor-image-box-title\">Procedimientos de  evacuaci\u00f3n de inmueble.<\/h3><p class=\"elementor-image-box-description\">Los participantes ser\u00e1n capaces de aplicar las medidas de prevenci\u00f3n y t\u00e9cnicas de respuesta a emergencias relativas a control de incendios, evacuaci\u00f3n de inmueble, b\u00fasqueda y rescate y primeros auxilios.<\/p><\/div><\/div>\t\t\t\t<\/div>\n\t\t\t\t<\/div>\n\t\t\t\t<\/div>\n\t\t<div class=\"elementor-element elementor-element-2f63c7e e-con-full e-flex e-con e-child\" data-id=\"2f63c7e\" data-element_type=\"container\">\n\t\t\t\t<\/div>\n\t\t<div class=\"elementor-element elementor-element-ded1e6c e-con-full e-flex e-con e-child\" data-id=\"ded1e6c\" data-element_type=\"container\">\n\t\t\t\t<\/div>\n\t\t<div class=\"elementor-element elementor-element-b80782f e-con-full e-flex e-con e-child\" data-id=\"b80782f\" data-element_type=\"container\">\n\t\t\t\t<\/div>\n\t\t\t\t\t<\/div>\n\t\t\t\t<\/div>\n\t\t\t\t<\/div>\n\t\t","protected":false},"excerpt":{"rendered":"<p>Brigada de b\u00fasqueda y rescate. Los participantes aplicar\u00e1n los procedimientos de b\u00fasqueda y rescate durante una evacuaci\u00f3n de inmueble. Brigada de comunicaci\u00f3n. Los participantes desarrollaran el procedimiento de comunicaci\u00f3n aplicable a su empresa, con base a los lineamientos del plan programa interno de protecci\u00f3n civil. Brigada multifuncional. Los participantes ser\u00e1n capaces de aplicar las medidas [&hellip;]<\/p>\n","protected":false},"author":1,"featured_media":0,"parent":7694,"menu_order":0,"comment_status":"closed","ping_status":"closed","template":"","meta":{"_monsterinsights_skip_tracking":false,"_monsterinsights_sitenote_active":false,"_monsterinsights_sitenote_note":"","_monsterinsights_sitenote_category":0,"footnotes":""},"class_list":["post-32","page","type-page","status-publish","hentry"],"aioseo_notices":[],"_links":{"self":[{"href":"https:\/\/status200.com.mx\/demo\/web_grupoiscisa\/wp-json\/wp\/v2\/pages\/32","targetHints":{"allow":["GET"]}}],"collection":[{"href":"https:\/\/status200.com.mx\/demo\/web_grupoiscisa\/wp-json\/wp\/v2\/pages"}],"about":[{"href":"https:\/\/status200.com.mx\/demo\/web_grupoiscisa\/wp-json\/wp\/v2\/types\/page"}],"author":[{"embeddable":true,"href":"https:\/\/status200.com.mx\/demo\/web_grupoiscisa\/wp-json\/wp\/v2\/users\/1"}],"replies":[{"embeddable":true,"href":"https:\/\/status200.com.mx\/demo\/web_grupoiscisa\/wp-json\/wp\/v2\/comments?post=32"}],"version-history":[{"count":21,"href":"https:\/\/status200.com.mx\/demo\/web_grupoiscisa\/wp-json\/wp\/v2\/pages\/32\/revisions"}],"predecessor-version":[{"id":8083,"href":"https:\/\/status200.com.mx\/demo\/web_grupoiscisa\/wp-json\/wp\/v2\/pages\/32\/revisions\/8083"}],"up":[{"embeddable":true,"href":"https:\/\/status200.com.mx\/demo\/web_grupoiscisa\/wp-json\/wp\/v2\/pages\/7694"}],"wp:attachment":[{"href":"https:\/\/status200.com.mx\/demo\/web_grupoiscisa\/wp-json\/wp\/v2\/media?parent=32"}],"curies":[{"name":"wp","href":"https:\/\/api.w.org\/{rel}","templated":true}]}}