{"id":30,"date":"2023-03-12T08:42:27","date_gmt":"2023-03-12T08:42:27","guid":{"rendered":"https:\/\/ordainit.com\/wp-theme\/sorex\/?page_id=30"},"modified":"2024-07-08T23:03:37","modified_gmt":"2024-07-08T23:03:37","slug":"quienes-somos","status":"publish","type":"page","link":"https:\/\/status200.com.mx\/demo\/web_grupoiscisa\/quienes-somos\/","title":{"rendered":"\u00bfQui\u00e9nes somos?"},"content":{"rendered":"\t\t<div data-elementor-type=\"wp-page\" data-elementor-id=\"30\" class=\"elementor elementor-30\">\n\t\t\t\t\t\t<section class=\"elementor-section elementor-top-section elementor-element elementor-element-d286339 elementor-section-full_width elementor-section-stretched elementor-section-height-default elementor-section-height-default\" data-id=\"d286339\" data-element_type=\"section\" data-settings=\"{&quot;stretch_section&quot;:&quot;section-stretched&quot;}\">\n\t\t\t\t\t\t<div class=\"elementor-container elementor-column-gap-default\">\n\t\t\t\t\t<div class=\"elementor-column elementor-col-100 elementor-top-column elementor-element elementor-element-4b274ee\" data-id=\"4b274ee\" data-element_type=\"column\">\n\t\t\t<div class=\"elementor-widget-wrap elementor-element-populated\">\n\t\t\t\t\t\t<section class=\"elementor-section elementor-inner-section elementor-element elementor-element-b412c5f elementor-section-content-middle elementor-section-boxed elementor-section-height-default elementor-section-height-default\" data-id=\"b412c5f\" data-element_type=\"section\">\n\t\t\t\t\t\t<div class=\"elementor-container elementor-column-gap-default\">\n\t\t\t\t\t<div class=\"elementor-column elementor-col-50 elementor-inner-column elementor-element elementor-element-b7b5195 elementor-invisible\" data-id=\"b7b5195\" data-element_type=\"column\" data-settings=\"{&quot;animation&quot;:&quot;fadeIn&quot;,&quot;animation_delay&quot;:200}\">\n\t\t\t<div class=\"elementor-widget-wrap elementor-element-populated\">\n\t\t\t\t\t\t<div class=\"elementor-element elementor-element-3baca31 elementor-widget elementor-widget-image\" data-id=\"3baca31\" data-element_type=\"widget\" data-widget_type=\"image.default\">\n\t\t\t\t<div class=\"elementor-widget-container\">\n\t\t\t\t\t\t\t\t\t\t\t\t\t\t\t<img fetchpriority=\"high\" decoding=\"async\" width=\"524\" height=\"900\" src=\"https:\/\/status200.com.mx\/demo\/web_grupoiscisa\/wp-content\/uploads\/2024\/07\/img-quienes-1.jpg\" class=\"attachment-full size-full wp-image-7916\" alt=\"\" srcset=\"https:\/\/status200.com.mx\/demo\/web_grupoiscisa\/wp-content\/uploads\/2024\/07\/img-quienes-1.jpg 524w, https:\/\/status200.com.mx\/demo\/web_grupoiscisa\/wp-content\/uploads\/2024\/07\/img-quienes-1-175x300.jpg 175w\" sizes=\"(max-width: 524px) 100vw, 524px\" \/>\t\t\t\t\t\t\t\t\t\t\t\t\t\t\t<\/div>\n\t\t\t\t<\/div>\n\t\t\t\t\t<\/div>\n\t\t<\/div>\n\t\t\t\t<div class=\"elementor-column elementor-col-50 elementor-inner-column elementor-element elementor-element-7bec314 elementor-invisible\" data-id=\"7bec314\" data-element_type=\"column\" data-settings=\"{&quot;animation&quot;:&quot;fadeIn&quot;,&quot;animation_delay&quot;:400}\">\n\t\t\t<div class=\"elementor-widget-wrap elementor-element-populated\">\n\t\t\t\t\t\t<div class=\"elementor-element elementor-element-2e4425d elementor-widget__width-initial elementor-widget elementor-widget-bizmax-section-title\" data-id=\"2e4425d\" data-element_type=\"widget\" data-widget_type=\"bizmax-section-title.default\">\n\t\t\t\t<div class=\"elementor-widget-container\">\n\t\t\t\t\t\r\r\r\n\t\t\t<div class=\"cs_section_heading cs_style_1 d-flex align-items-center text-left\">\r\r\r\n                <div class=\"cs_section_heading_in\">\r\r\r\n                  <h3 class=\"cs_fs_20 cs_fs_lg_18 text-accent fw-normal cs_lh_base cs_mb_10 wow fadeInLeft\" data-wow-duration=\"0.8s\" data-wow-delay=\"0.2s\"  style=\"color:#18191d\"><\/h3>\r\r\r\n                  <h2 class=\"section-title-heading  cs_fs_48 cs_fs_lg_36 cs_mb_20\"  style=\"color:#18191d\">Quienes Somos<\/h2>\r\r\r\n\t\t\t\t  <div class=\"cs_section_text m-0\" style=\"color:#666\"><p><span style=\"font-weight: 400;\">Grupo ISCISA cuenta con 27 a\u00f1os brindando servicios para dar soluci\u00f3n integral en materia de seguridad industrial, apoyando en el cumplimiento legal a las empresas ante STPS y Protecci\u00f3n Civil, brindando servicios de Capacitaci\u00f3n, Asesor\u00eda as\u00ed como mantenimiento a equipo contra incendio y venta de equipo de seguridad.\u00a0<\/span><\/p><p><span style=\"font-weight: 400;\">Contamos con Servicios para la Gesti\u00f3n Integral de seguridad para los sectores Industriales, comerciales y corporativos, incluyendo capacitaci\u00f3n para la formaci\u00f3n de profesionales en seguridad en todos los niveles de su organizaci\u00f3n.<\/span><\/p><p>\u00a0<\/p><\/div>\r\r\r\n                <\/div>\r\r\r\n            <\/div>\r\r\r\n\t\t\t\t\t\t\t<\/div>\n\t\t\t\t<\/div>\n\t\t\t\t<div class=\"elementor-element elementor-element-700f8ec elementor-widget elementor-widget-heading\" data-id=\"700f8ec\" data-element_type=\"widget\" data-widget_type=\"heading.default\">\n\t\t\t\t<div class=\"elementor-widget-container\">\n\t\t\t\t\t<h5 class=\"elementor-heading-title elementor-size-default\">Nuestro servicio garantiza su seguridad<\/h5>\t\t\t\t<\/div>\n\t\t\t\t<\/div>\n\t\t\t\t<div class=\"elementor-element elementor-element-5fa866a elementor-widget-divider--view-line elementor-widget elementor-widget-divider\" data-id=\"5fa866a\" data-element_type=\"widget\" data-widget_type=\"divider.default\">\n\t\t\t\t<div class=\"elementor-widget-container\">\n\t\t\t\t\t\t\t<div class=\"elementor-divider\">\n\t\t\t<span class=\"elementor-divider-separator\">\n\t\t\t\t\t\t<\/span>\n\t\t<\/div>\n\t\t\t\t\t\t<\/div>\n\t\t\t\t<\/div>\n\t\t\t\t<div class=\"elementor-element elementor-element-6e4a3f0 elementor-widget elementor-widget-text-editor\" data-id=\"6e4a3f0\" data-element_type=\"widget\" data-widget_type=\"text-editor.default\">\n\t\t\t\t<div class=\"elementor-widget-container\">\n\t\t\t\t\t\t\t\t\t<div class=\"cont-aboutus\">\n<h3><img decoding=\"async\" class=\"alignnone size-full wp-image-7512\" src=\"https:\/\/status200.com.mx\/demo\/web_grupoiscisa\/wp-content\/uploads\/2024\/06\/quienes-icon-1-1.png\" alt=\"\" width=\"96\" height=\"96\" \/>Misi\u00f3n<\/h3>\n\u201c-Inspirar y promover la cultura de seguridad y el valor a la vida \u2013\u201d\n\n<\/div>\n<div class=\"cont-aboutus\">\n<h3><img decoding=\"async\" class=\"alignnone size-full wp-image-7513\" src=\"https:\/\/status200.com.mx\/demo\/web_grupoiscisa\/wp-content\/uploads\/2024\/06\/quienes-icon-2-1.png\" alt=\"\" width=\"96\" height=\"96\" \/>Visi\u00f3n<\/h3>\n\u201c Ser empresa l\u00edder en Latinoam\u00e9rica, transformando las necesidades de seguridad por soluciones integrales \u201c.\n\n<\/div>\t\t\t\t\t\t\t\t<\/div>\n\t\t\t\t<\/div>\n\t\t\t\t\t<\/div>\n\t\t<\/div>\n\t\t\t\t\t<\/div>\n\t\t<\/section>\n\t\t\t\t<section class=\"elementor-section elementor-inner-section elementor-element elementor-element-3755303 elementor-section-content-middle elementor-section-boxed elementor-section-height-default elementor-section-height-default\" data-id=\"3755303\" data-element_type=\"section\">\n\t\t\t\t\t\t<div class=\"elementor-container elementor-column-gap-default\">\n\t\t\t\t\t<div class=\"elementor-column elementor-col-100 elementor-inner-column elementor-element elementor-element-bd17beb elementor-invisible\" data-id=\"bd17beb\" data-element_type=\"column\" data-settings=\"{&quot;animation&quot;:&quot;fadeIn&quot;,&quot;animation_delay&quot;:200}\">\n\t\t\t<div class=\"elementor-widget-wrap elementor-element-populated\">\n\t\t\t\t\t\t<div class=\"elementor-element elementor-element-45af9d3 elementor-widget__width-initial elementor-widget elementor-widget-bizmax-section-title\" data-id=\"45af9d3\" data-element_type=\"widget\" data-widget_type=\"bizmax-section-title.default\">\n\t\t\t\t<div class=\"elementor-widget-container\">\n\t\t\t\t\t\r\r\r\n\t\t\t<div class=\"cs_section_heading cs_style_1 d-flex align-items-center text-left\">\r\r\r\n                <div class=\"cs_section_heading_in\">\r\r\r\n                  <h3 class=\"cs_fs_20 cs_fs_lg_18 text-accent fw-normal cs_lh_base cs_mb_10 wow fadeInLeft\" data-wow-duration=\"0.8s\" data-wow-delay=\"0.2s\"  style=\"color:#18191d\"><\/h3>\r\r\r\n                  <h2 class=\"section-title-heading  cs_fs_48 cs_fs_lg_36 cs_mb_20\"  style=\"color:#18191d\">Historia<\/h2>\r\r\r\n\t\t\t\t  <div class=\"cs_section_text m-0\" style=\"color:#666\"><p><span style=\"font-weight: 400;\">Grupo ISCISA es una empresa regiomontana que inicio sus operaciones en 1997 con el prop\u00f3sito de apoyar a las empresas de la regi\u00f3n en la capacitaci\u00f3n en materia de seguridad industrial para su personal, dado a los excelentes resultados en el servicio las empresas solicitaron los servicios de verificaci\u00f3n en sitio as\u00ed como mantenimiento y recarga de equipos contra incendio con el fin de lograr cumplimiento a la regulaci\u00f3n mexicana; Posteriormente se comenz\u00f3 a dar servicios de elaboraci\u00f3n de Programas de Protecci\u00f3n Civil y planes de contingencia, siendo nosotros de las primeras empresas de consultor\u00eda en brindar estos servicios.<\/span><\/p><p><span style=\"font-weight: 400;\">Actualmente, contamos con un equipo de trabajo especializado en materia de seguridad industrial y consultor\u00eda, compuesta por 3 unidades de negocio, la primera enfocada a la capacitaci\u00f3n en materia de seguridad y salud ocupacional as\u00ed como de atenci\u00f3n de emergencias, la segunda enfocada en el desarrollo de estudios en materia de seguridad y salud ocupacional y de protecci\u00f3n civil\u00a0 y la tercera unidad de negocio enfocada en el mantenimiento, recarga y venta de equipo contra incendio.<\/span><\/p><\/div>\r\r\r\n                <\/div>\r\r\r\n            <\/div>\r\r\r\n\t\t\t\t\t\t\t<\/div>\n\t\t\t\t<\/div>\n\t\t\t\t\t<\/div>\n\t\t<\/div>\n\t\t\t\t\t<\/div>\n\t\t<\/section>\n\t\t\t\t\t<\/div>\n\t\t<\/div>\n\t\t\t\t\t<\/div>\n\t\t<\/section>\n\t\t\t\t<section class=\"elementor-section elementor-top-section elementor-element elementor-element-e4b5cba elementor-section-boxed elementor-section-height-default elementor-section-height-default\" data-id=\"e4b5cba\" data-element_type=\"section\" data-settings=\"{&quot;background_background&quot;:&quot;classic&quot;}\">\n\t\t\t\t\t\t<div class=\"elementor-container elementor-column-gap-default\">\n\t\t\t\t\t<div class=\"elementor-column elementor-col-100 elementor-top-column elementor-element elementor-element-4c3b556 elementor-invisible\" data-id=\"4c3b556\" data-element_type=\"column\" data-settings=\"{&quot;animation&quot;:&quot;fadeInUp&quot;,&quot;animation_delay&quot;:300}\">\n\t\t\t<div class=\"elementor-widget-wrap elementor-element-populated\">\n\t\t\t\t\t\t<div class=\"elementor-element elementor-element-53ffcff elementor-widget elementor-widget-bizmax-brand-logos\" data-id=\"53ffcff\" data-element_type=\"widget\" data-widget_type=\"bizmax-brand-logos.default\">\n\t\t\t\t<div class=\"elementor-widget-container\">\n\t\t\t\t\t\r\r\n\t\t<script>\r\r\n\t\t\tjQuery(document).ready(function(){\r\r\n\t\t\t\tsetInterval(function(){ \r\r\n\t\t\t\t\tjQuery(\".brand__active--368177540\").slick({\r\r\n\t\t\t\t\t\tslidesToShow:5,\r\r\n\t\t\t\t\t\tslidesToScroll: 1,\r\r\n\t\t\t\t\t\tautoplay: true,\r\r\n\t\t\t\t\t\tloop: true,\r\r\n\t\t\t\t\t\tspeed:600,\r\r\n\t\t\t\t\t\tautoplayHoverPause: true,\r\r\n\t\t\t\t\t\tarrows: false,\r\r\n\t\t\t\t\t\tdots: false,autoplaySpeed:3500, \r\r\n\t\t\t\t\t\tresponsive:[\r\r\n                            {\r\r\n                                breakpoint: 767,\r\r\n                                settings: {\r\r\n                                    slidesToShow: 1,\r\r\n                                }\r\r\n                            },\r\r\n                            {\r\r\n                                breakpoint: 1025,\r\r\n                                settings: {\r\r\n                                    slidesToShow: 3,\r\r\n                                }\r\r\n                            },\r\r\n                            {\r\r\n                                breakpoint: 1500,\r\r\n                                settings: {\r\r\n                                    slidesToShow: 5,\r\r\n                                }\r\r\n                            },\r\r\n\t\t\t\t\t\t\t{\r\r\n                                breakpoint: 3000,\r\r\n                                settings: {\r\r\n                                    slidesToShow: 5,\r\r\n                                }\r\r\n                            },\r\r\n                        ]\r\r\n\t\t\t\t\t}); \r\r\n\t\t\t\t\t}, 10);\r\r\n\t\t\t});\r\r\n\t\t<\/script>\t\r\r\n\t\t<div class=\"brand__active--368177540 brand-logos style-1\">\r\r\n\t\t\t\t<div class=\"cs_brand\"><a href=\"\" target=\"_blank\"><img decoding=\"async\" src=\"https:\/\/status200.com.mx\/demo\/web_grupoiscisa\/wp-content\/uploads\/2024\/05\/waltmart.png)\"><\/a>\r\r\n\t\t\t\t<\/div>\r\r\n\t\t\t\t<div class=\"cs_brand\"><a href=\"#\" target=\"_blank\"><img decoding=\"async\" src=\")\"><\/a>\r\r\n\t\t\t\t<\/div>\r\r\n\t\t\t\t<div class=\"cs_brand\"><a href=\"\" target=\"_blank\"><img decoding=\"async\" src=\"https:\/\/status200.com.mx\/demo\/web_grupoiscisa\/wp-content\/uploads\/2024\/05\/harmon-hall.png)\"><\/a>\r\r\n\t\t\t\t<\/div>\r\r\n\t\t\t\t<div class=\"cs_brand\"><a href=\"\" target=\"_blank\"><img decoding=\"async\" src=\"https:\/\/status200.com.mx\/demo\/web_grupoiscisa\/wp-content\/uploads\/2024\/05\/sura.png)\"><\/a>\r\r\n\t\t\t\t<\/div>\r\r\n\t\t\t\t<div class=\"cs_brand\"><a href=\"\" target=\"_blank\"><img decoding=\"async\" src=\"https:\/\/status200.com.mx\/demo\/web_grupoiscisa\/wp-content\/uploads\/2024\/07\/logo-1.png)\"><\/a>\r\r\n\t\t\t\t<\/div>\r\r\n\t\t\t\t<div class=\"cs_brand\"><a href=\"\" target=\"_blank\"><img decoding=\"async\" src=\"https:\/\/status200.com.mx\/demo\/web_grupoiscisa\/wp-content\/uploads\/2024\/07\/logo-2.png)\"><\/a>\r\r\n\t\t\t\t<\/div>\r\r\n\t\t\t\t<div class=\"cs_brand\"><a href=\"\" target=\"_blank\"><img decoding=\"async\" src=\"https:\/\/status200.com.mx\/demo\/web_grupoiscisa\/wp-content\/uploads\/2024\/07\/logo-3.png)\"><\/a>\r\r\n\t\t\t\t<\/div>\r\r\n\t\t\t\t<div class=\"cs_brand\"><a href=\"\" target=\"_blank\"><img decoding=\"async\" src=\"https:\/\/status200.com.mx\/demo\/web_grupoiscisa\/wp-content\/uploads\/2024\/07\/logo-5.png)\"><\/a>\r\r\n\t\t\t\t<\/div>\r\r\n\t\t\t\t<div class=\"cs_brand\"><a href=\"\" target=\"_blank\"><img decoding=\"async\" src=\"https:\/\/status200.com.mx\/demo\/web_grupoiscisa\/wp-content\/uploads\/2024\/07\/logo-6.png)\"><\/a>\r\r\n\t\t\t\t<\/div>\r\r\n\t\t\t\t<div class=\"cs_brand\"><a href=\"\" target=\"_blank\"><img decoding=\"async\" src=\"https:\/\/status200.com.mx\/demo\/web_grupoiscisa\/wp-content\/uploads\/2024\/07\/logo-4.png)\"><\/a>\r\r\n\t\t\t\t<\/div>\r\r\n\t\t\t\t<div class=\"cs_brand\"><a href=\"\" target=\"_blank\"><img decoding=\"async\" src=\"https:\/\/status200.com.mx\/demo\/web_grupoiscisa\/wp-content\/uploads\/2024\/07\/logo-7.png)\"><\/a>\r\r\n\t\t\t\t<\/div>\r\r\n\t\t\t\t<div class=\"cs_brand\"><a href=\"\" target=\"_blank\"><img decoding=\"async\" src=\"https:\/\/status200.com.mx\/demo\/web_grupoiscisa\/wp-content\/uploads\/2024\/07\/logo-8.png)\"><\/a>\r\r\n\t\t\t\t<\/div>\r\r\n\t\t\t\t<div class=\"cs_brand\"><a href=\"\" target=\"_blank\"><img decoding=\"async\" src=\"https:\/\/status200.com.mx\/demo\/web_grupoiscisa\/wp-content\/uploads\/2024\/07\/logo-9.png)\"><\/a>\r\r\n\t\t\t\t<\/div>\t\r\r\n\t\t<\/div>\r\r\n\t\t\t\t\t\t<\/div>\n\t\t\t\t<\/div>\n\t\t\t\t\t<\/div>\n\t\t<\/div>\n\t\t\t\t\t<\/div>\n\t\t<\/section>\n\t\t<div class=\"elementor-element elementor-element-e3e0a24 e-flex e-con-boxed e-con e-parent\" data-id=\"e3e0a24\" data-element_type=\"container\">\n\t\t\t\t\t<div class=\"e-con-inner\">\n\t\t<div class=\"elementor-element elementor-element-0b33f70 e-con-full e-flex e-con e-child\" data-id=\"0b33f70\" data-element_type=\"container\">\n\t\t\t\t<div class=\"elementor-element elementor-element-0b52259 elementor-widget elementor-widget-text-editor\" data-id=\"0b52259\" data-element_type=\"widget\" data-widget_type=\"text-editor.default\">\n\t\t\t\t<div class=\"elementor-widget-container\">\n\t\t\t\t\t\t\t\t\t<p>Garant\u00eda de calidad<\/p><h3 class=\"elementor-heading-title elementor-size-default elementor-inline-editing pen\" contenteditable=\"true\" spellcheck=\"false\" data-elementor-setting-key=\"title\" data-lt-tmp-id=\"lt-644422\" data-gramm=\"false\" data-pen-placeholder=\"Teclea aqu\u00ed...\"><span style=\"color: #123b73;\">Registros<\/span>\u200b<\/h3>\t\t\t\t\t\t\t\t<\/div>\n\t\t\t\t<\/div>\n\t\t\t\t<\/div>\n\t\t<div class=\"elementor-element elementor-element-5b11af6 e-con-full e-flex e-con e-child\" data-id=\"5b11af6\" data-element_type=\"container\">\n\t\t\t\t<div class=\"elementor-element elementor-element-0f24be9 elementor-widget elementor-widget-image\" data-id=\"0f24be9\" data-element_type=\"widget\" data-widget_type=\"image.default\">\n\t\t\t\t<div class=\"elementor-widget-container\">\n\t\t\t\t\t\t\t\t\t\t\t\t\t\t\t<img loading=\"lazy\" decoding=\"async\" width=\"391\" height=\"127\" src=\"https:\/\/status200.com.mx\/demo\/web_grupoiscisa\/wp-content\/uploads\/2024\/06\/quienes-con-img2.jpg\" class=\"attachment-large size-large wp-image-7508\" alt=\"\" srcset=\"https:\/\/status200.com.mx\/demo\/web_grupoiscisa\/wp-content\/uploads\/2024\/06\/quienes-con-img2.jpg 391w, https:\/\/status200.com.mx\/demo\/web_grupoiscisa\/wp-content\/uploads\/2024\/06\/quienes-con-img2-300x97.jpg 300w\" sizes=\"(max-width: 391px) 100vw, 391px\" \/>\t\t\t\t\t\t\t\t\t\t\t\t\t\t\t<\/div>\n\t\t\t\t<\/div>\n\t\t\t\t<div class=\"elementor-element elementor-element-0ef06bc elementor-widget elementor-widget-image\" data-id=\"0ef06bc\" data-element_type=\"widget\" data-widget_type=\"image.default\">\n\t\t\t\t<div class=\"elementor-widget-container\">\n\t\t\t\t\t\t\t\t\t\t\t\t\t\t\t<img loading=\"lazy\" decoding=\"async\" width=\"395\" height=\"135\" src=\"https:\/\/status200.com.mx\/demo\/web_grupoiscisa\/wp-content\/uploads\/2024\/06\/quienes-con-img3.jpg\" class=\"attachment-large size-large wp-image-7509\" alt=\"\" srcset=\"https:\/\/status200.com.mx\/demo\/web_grupoiscisa\/wp-content\/uploads\/2024\/06\/quienes-con-img3.jpg 395w, https:\/\/status200.com.mx\/demo\/web_grupoiscisa\/wp-content\/uploads\/2024\/06\/quienes-con-img3-300x103.jpg 300w\" sizes=\"(max-width: 395px) 100vw, 395px\" \/>\t\t\t\t\t\t\t\t\t\t\t\t\t\t\t<\/div>\n\t\t\t\t<\/div>\n\t\t\t\t<\/div>\n\t\t<div class=\"elementor-element elementor-element-b59fa31 e-con-full e-flex e-con e-child\" data-id=\"b59fa31\" data-element_type=\"container\">\n\t\t\t\t<div class=\"elementor-element elementor-element-e24d516 elementor-widget elementor-widget-image\" data-id=\"e24d516\" data-element_type=\"widget\" data-widget_type=\"image.default\">\n\t\t\t\t<div class=\"elementor-widget-container\">\n\t\t\t\t\t\t\t\t\t\t\t\t\t\t\t<img loading=\"lazy\" decoding=\"async\" width=\"348\" height=\"133\" src=\"https:\/\/status200.com.mx\/demo\/web_grupoiscisa\/wp-content\/uploads\/2024\/06\/quienes-con-img4.jpg\" class=\"attachment-medium_large size-medium_large wp-image-7510\" alt=\"\" srcset=\"https:\/\/status200.com.mx\/demo\/web_grupoiscisa\/wp-content\/uploads\/2024\/06\/quienes-con-img4.jpg 348w, https:\/\/status200.com.mx\/demo\/web_grupoiscisa\/wp-content\/uploads\/2024\/06\/quienes-con-img4-300x115.jpg 300w\" sizes=\"(max-width: 348px) 100vw, 348px\" \/>\t\t\t\t\t\t\t\t\t\t\t\t\t\t\t<\/div>\n\t\t\t\t<\/div>\n\t\t\t\t<div class=\"elementor-element elementor-element-e14c6eb elementor-widget elementor-widget-image\" data-id=\"e14c6eb\" data-element_type=\"widget\" data-widget_type=\"image.default\">\n\t\t\t\t<div class=\"elementor-widget-container\">\n\t\t\t\t\t\t\t\t\t\t\t\t\t\t\t<img loading=\"lazy\" decoding=\"async\" width=\"211\" height=\"133\" src=\"https:\/\/status200.com.mx\/demo\/web_grupoiscisa\/wp-content\/uploads\/2024\/06\/quienes-con-img5.jpg\" class=\"attachment-medium_large size-medium_large wp-image-7511\" alt=\"\" \/>\t\t\t\t\t\t\t\t\t\t\t\t\t\t\t<\/div>\n\t\t\t\t<\/div>\n\t\t\t\t<\/div>\n\t\t\t\t\t<\/div>\n\t\t\t\t<\/div>\n\t\t\t\t<\/div>\n\t\t","protected":false},"excerpt":{"rendered":"<p>Quienes Somos Grupo ISCISA cuenta con 27 a\u00f1os brindando servicios para dar soluci\u00f3n integral en materia de seguridad industrial, apoyando en el cumplimiento legal a las empresas ante STPS y Protecci\u00f3n Civil, brindando servicios de Capacitaci\u00f3n, Asesor\u00eda as\u00ed como mantenimiento a equipo contra incendio y venta de equipo de seguridad.\u00a0 Contamos con Servicios para la [&hellip;]<\/p>\n","protected":false},"author":1,"featured_media":0,"parent":0,"menu_order":0,"comment_status":"closed","ping_status":"closed","template":"","meta":{"_monsterinsights_skip_tracking":false,"_monsterinsights_sitenote_active":false,"_monsterinsights_sitenote_note":"","_monsterinsights_sitenote_category":0,"footnotes":""},"class_list":["post-30","page","type-page","status-publish","hentry"],"aioseo_notices":[],"_links":{"self":[{"href":"https:\/\/status200.com.mx\/demo\/web_grupoiscisa\/wp-json\/wp\/v2\/pages\/30","targetHints":{"allow":["GET"]}}],"collection":[{"href":"https:\/\/status200.com.mx\/demo\/web_grupoiscisa\/wp-json\/wp\/v2\/pages"}],"about":[{"href":"https:\/\/status200.com.mx\/demo\/web_grupoiscisa\/wp-json\/wp\/v2\/types\/page"}],"author":[{"embeddable":true,"href":"https:\/\/status200.com.mx\/demo\/web_grupoiscisa\/wp-json\/wp\/v2\/users\/1"}],"replies":[{"embeddable":true,"href":"https:\/\/status200.com.mx\/demo\/web_grupoiscisa\/wp-json\/wp\/v2\/comments?post=30"}],"version-history":[{"count":50,"href":"https:\/\/status200.com.mx\/demo\/web_grupoiscisa\/wp-json\/wp\/v2\/pages\/30\/revisions"}],"predecessor-version":[{"id":7919,"href":"https:\/\/status200.com.mx\/demo\/web_grupoiscisa\/wp-json\/wp\/v2\/pages\/30\/revisions\/7919"}],"wp:attachment":[{"href":"https:\/\/status200.com.mx\/demo\/web_grupoiscisa\/wp-json\/wp\/v2\/media?parent=30"}],"curies":[{"name":"wp","href":"https:\/\/api.w.org\/{rel}","templated":true}]}}